{"id":10047,"date":"2022-07-12T18:23:35","date_gmt":"2022-07-12T18:23:35","guid":{"rendered":"https:\/\/medlart.ca\/?page_id=10047"},"modified":"2025-01-30T10:09:40","modified_gmt":"2025-01-30T10:09:40","slug":"cliniques","status":"publish","type":"page","link":"https:\/\/medlart.ca\/en\/cliniques\/","title":{"rendered":"Clinique esth\u00e9tique Tunisie\u00a0: Medlart votre partenaire de choix"},"content":{"rendered":"<div data-elementor-type=\"wp-page\" data-elementor-id=\"10047\" class=\"elementor elementor-10047\">\n\t\t\t\t<div class=\"elementor-element elementor-element-8cc843f e-flex e-con-boxed e-con e-parent\" data-id=\"8cc843f\" data-element_type=\"container\">\n\t\t\t\t\t<div class=\"e-con-inner\">\n\t\t\t\t<div class=\"elementor-element elementor-element-8997957 elementor-widget elementor-widget-text-editor\" data-id=\"8997957\" data-element_type=\"widget\" data-widget_type=\"text-editor.default\">\n\t\t\t\t<div class=\"elementor-widget-container\">\n\t\t\t\t\t\t\t\t\t<h2>MEDLART COSMETIC CLINIC TUNISIA : TURN YOUR WISHES INTO REALITY<\/h2><p>The <strong>cosmetic clinic Tunisia<\/strong> specialized in <strong>cosmetic surgery Tunisia <\/strong>meets all the slightest European and international standards perfectly. In fact, endowed with the most modern equipment and possessing an infrastructure as well as a high-quality layout, the Tunisian polyclinics meet all the requirements of their patients.<\/p><p>Nevertheless, choosing the ideal <strong>cosmetic surgery clinic in Tunisia <\/strong>is not as easy as it seems. Actually, several criteria are required to ensure choosing the best clinic. They are as follows :<\/p><ul><li>The Health care quality<\/li><li>The medical staff competency and availability<\/li><li>The relevance and effectiveness of all the healthcare equipment... and not to forget<\/li><li>Comfort and support for each individual in all aspects of life<br \/>The well being of our customers is prioritized at our agency of medical tourism in Tunisia. Thus, we place great value on the collaboration with the most prestigious polyclinics at an advantageous rate.<\/li><\/ul>\t\t\t\t\t\t\t\t<\/div>\n\t\t\t\t<\/div>\n\t\t\t\t\t<\/div>\n\t\t\t\t<\/div>\n\t\t<div class=\"elementor-element elementor-element-e3157fc e-flex e-con-boxed e-con e-parent\" data-id=\"e3157fc\" data-element_type=\"container\">\n\t\t\t\t\t<div class=\"e-con-inner\">\n\t\t<div class=\"elementor-element elementor-element-e806290 e-con-full e-flex e-con e-child\" data-id=\"e806290\" data-element_type=\"container\">\n\t\t\t\t<div class=\"elementor-element elementor-element-29a6163 elementor-widget elementor-widget-image\" data-id=\"29a6163\" data-element_type=\"widget\" data-widget_type=\"image.default\">\n\t\t\t\t<div class=\"elementor-widget-container\">\n\t\t\t\t\t\t\t\t\t\t\t\t\t\t\t<img fetchpriority=\"high\" decoding=\"async\" width=\"1024\" height=\"683\" src=\"https:\/\/i0.wp.com\/medlart.ca\/wp-content\/uploads\/2022\/07\/patient-satisfait_02.png?fit=1024%2C683&amp;ssl=1\" class=\"attachment-large size-large wp-image-10087\" alt=\"s\u00e9jour m\u00e9dical Tunisie\" srcset=\"https:\/\/i0.wp.com\/medlart.ca\/wp-content\/uploads\/2022\/07\/patient-satisfait_02.png?w=1024&amp;ssl=1 1024w, https:\/\/i0.wp.com\/medlart.ca\/wp-content\/uploads\/2022\/07\/patient-satisfait_02.png?resize=300%2C200&amp;ssl=1 300w, https:\/\/i0.wp.com\/medlart.ca\/wp-content\/uploads\/2022\/07\/patient-satisfait_02.png?resize=768%2C512&amp;ssl=1 768w\" sizes=\"(max-width: 1024px) 100vw, 1024px\" \/>\t\t\t\t\t\t\t\t\t\t\t\t\t\t\t<\/div>\n\t\t\t\t<\/div>\n\t\t\t\t<\/div>\n\t\t<div class=\"elementor-element elementor-element-e20415d e-con-full e-flex e-con e-child\" data-id=\"e20415d\" data-element_type=\"container\">\n\t\t\t\t<div class=\"elementor-element elementor-element-596b9b3 elementor-widget elementor-widget-image\" data-id=\"596b9b3\" data-element_type=\"widget\" data-widget_type=\"image.default\">\n\t\t\t\t<div class=\"elementor-widget-container\">\n\t\t\t\t\t\t\t\t\t\t\t\t\t\t\t<img decoding=\"async\" width=\"800\" height=\"500\" src=\"https:\/\/i0.wp.com\/medlart.ca\/wp-content\/uploads\/2022\/07\/medlart_hotels_6.jpg?fit=800%2C500&amp;ssl=1\" class=\"attachment-large size-large wp-image-10075\" alt=\"H\u00f4tel Medlart\" srcset=\"https:\/\/i0.wp.com\/medlart.ca\/wp-content\/uploads\/2022\/07\/medlart_hotels_6.jpg?w=800&amp;ssl=1 800w, https:\/\/i0.wp.com\/medlart.ca\/wp-content\/uploads\/2022\/07\/medlart_hotels_6.jpg?resize=300%2C188&amp;ssl=1 300w, https:\/\/i0.wp.com\/medlart.ca\/wp-content\/uploads\/2022\/07\/medlart_hotels_6.jpg?resize=768%2C480&amp;ssl=1 768w\" sizes=\"(max-width: 800px) 100vw, 800px\" \/>\t\t\t\t\t\t\t\t\t\t\t\t\t\t\t<\/div>\n\t\t\t\t<\/div>\n\t\t\t\t<\/div>\n\t\t\t\t\t<\/div>\n\t\t\t\t<\/div>\n\t\t<div class=\"elementor-element elementor-element-6a2a811 e-flex e-con-boxed e-con e-parent\" data-id=\"6a2a811\" data-element_type=\"container\">\n\t\t\t\t\t<div class=\"e-con-inner\">\n\t\t\t\t<div class=\"elementor-element elementor-element-475ba29 elementor-button-success elementor-align-center elementor-widget elementor-widget-button\" data-id=\"475ba29\" data-element_type=\"widget\" data-widget_type=\"button.default\">\n\t\t\t\t<div class=\"elementor-widget-container\">\n\t\t\t\t\t\t\t\t\t<div class=\"elementor-button-wrapper\">\n\t\t\t\t\t<a class=\"elementor-button elementor-button-link elementor-size-sm\" href=\"https:\/\/medlart.ca\/en\/devis\/\">\n\t\t\t\t\t\t<span class=\"elementor-button-content-wrapper\">\n\t\t\t\t\t\t<span class=\"elementor-button-icon\">\n\t\t\t\t<svg aria-hidden=\"true\" class=\"e-font-icon-svg e-far-arrow-alt-circle-right\" viewbox=\"0 0 512 512\" xmlns=\"http:\/\/www.w3.org\/2000\/svg\"><path d=\"M504 256C504 119 393 8 256 8S8 119 8 256s111 248 248 248 248-111 248-248zm-448 0c0-110.5 89.5-200 200-200s200 89.5 200 200-89.5 200-200 200S56 366.5 56 256zm72 20v-40c0-6.6 5.4-12 12-12h116v-67c0-10.7 12.9-16 20.5-8.5l99 99c4.7 4.7 4.7 12.3 0 17l-99 99c-7.6 7.6-20.5 2.2-20.5-8.5v-67H140c-6.6 0-12-5.4-12-12z\"><\/path><\/svg>\t\t\t<\/span>\n\t\t\t\t\t\t\t\t\t<span class=\"elementor-button-text\">Free quote with no obligation<\/span>\n\t\t\t\t\t<\/span>\n\t\t\t\t\t<\/a>\n\t\t\t\t<\/div>\n\t\t\t\t\t\t\t\t<\/div>\n\t\t\t\t<\/div>\n\t\t\t\t\t<\/div>\n\t\t\t\t<\/div>\n\t\t<div class=\"elementor-element elementor-element-4dcd9d3c e-flex e-con-boxed e-con e-parent\" data-id=\"4dcd9d3c\" data-element_type=\"container\">\n\t\t\t\t\t<div class=\"e-con-inner\">\n\t\t\t\t<div class=\"elementor-element elementor-element-5bb46202 elementor-widget elementor-widget-text-editor\" data-id=\"5bb46202\" data-element_type=\"widget\" data-widget_type=\"text-editor.default\">\n\t\t\t\t<div class=\"elementor-widget-container\">\n\t\t\t\t\t\t\t\t\t<p class=\"translation-block\">At Medlart our main concern is to offer you an excellent medical journey.<\/p>\n<p>At Medlart, art is created and valued<\/p>\n<p>In this regard, thanks to our expertise in fulfilling the needs of a diversified client base and providing superior service to all of our customers,<\/p>\n<p>Gr\u00e2ce \u00e0 notre exp\u00e9rience, nous sommes au fait que nos patients exigent une prestation de qualit\u00e9 aux meilleurs prix. C\u2019est ce que nous vous garantissons&nbsp;!<\/p>\n<p class=\"translation-block\">Therefore, we have the most skilled surgeons, as well as the finest, latest, and greatest clinics in Tunisia.<\/p>\n<p>Choose us for the best quality-price ratio, choose Medlart !<\/p>\n<p>We welcome you to contact us via the online form in order to learn more about our prestigious clinic<\/p>\n<h2>OUR PARTNERSHIP WITH THE BEST PLASTIC SURGEONS IN TUNISIA<\/h2>\n<p class=\"translation-block\">Cosmetic surgery may either result in the body of your dreams, or a disaster that will only make you wish you had never gone under the knife.<\/p>\n<p>Dealing with and overcoming your worries, we are regularly making sure that we are providing you one of the safest and finest plastic surgery on the globe as part of our continuous improvement process.<\/p>\n<p class=\"translation-block\">Doubtless, our plastic surgeons in Tunisia are among the best in the world. Reputable, experts, extremely attentive and convivial, are the main traits of our specialists in reparative and plastic surgery in Tunisia.<\/p>\n<p>Hence, to guarantee you the best service in term of cosmetic surgery, our selection of surgeons is based on extremely well defined criteria presented as follows :<\/p>\n<ul>\n<li>Expertise<\/li>\n<li>Skills<\/li>\n<li>Experience<\/li>\n<li>The feedback from the patients<\/li>\n<li>Listening and reactivity<\/li>\n<\/ul>\n<p>In addition, all of our partner medical practitioners are certified by the National Medical Association and are for the most part members of numerous global health organizations.<\/p>\n<p>You are cordially invited then to discover their profiles and specialties and to contact us at any time to get insights into their background.<\/p>\n<h2>MEDICAL STAY TUNISIA: OUR PRESTIGIOUS HOTELS<\/h2>\n<p>As a matter of fact, we are conscious that successful <strong>cosmetic surgery Tunisia<\/strong> also implies a pleasant hotel stay, for a better recovery.<\/p>\n<p>Thus, with the intention of keeping you satisfied and spreading as much joy and happiness as possible among our customers, five-star hotels are available to you which are as prestigious as our polyclinics.<\/p>\n<p>Moreover, because we wish you a magnificent experience in our fascinating country, we have chosen for you 5* hotels situated at the edge of the beach while being near your clinic.\nAs a result of this, your convalescence will occur under the most favourable condition possible.<\/p>\n<p>Please do not hesitate to contact us by mail or phone to get all the information you need about the hotels we offer. We are at your disposal 24 hours a day, 7 days a week.<\/p>\t\t\t\t\t\t\t\t<\/div>\n\t\t\t\t<\/div>\n\t\t\t\t\t<\/div>\n\t\t\t\t<\/div>\n\t\t<div class=\"elementor-element elementor-element-462fe133 e-flex e-con-boxed e-con e-parent\" data-id=\"462fe133\" data-element_type=\"container\">\n\t\t\t\t\t<div class=\"e-con-inner\">\n\t\t\t\t<div class=\"elementor-element elementor-element-7d2f66ba elementor-button-success elementor-align-center elementor-widget elementor-widget-button\" data-id=\"7d2f66ba\" data-element_type=\"widget\" data-widget_type=\"button.default\">\n\t\t\t\t<div class=\"elementor-widget-container\">\n\t\t\t\t\t\t\t\t\t<div class=\"elementor-button-wrapper\">\n\t\t\t\t\t<a class=\"elementor-button elementor-button-link elementor-size-sm\" href=\"https:\/\/medlart.ca\/en\/devis\/\">\n\t\t\t\t\t\t<span class=\"elementor-button-content-wrapper\">\n\t\t\t\t\t\t<span class=\"elementor-button-icon\">\n\t\t\t\t<svg aria-hidden=\"true\" class=\"e-font-icon-svg e-far-arrow-alt-circle-right\" viewbox=\"0 0 512 512\" xmlns=\"http:\/\/www.w3.org\/2000\/svg\"><path d=\"M504 256C504 119 393 8 256 8S8 119 8 256s111 248 248 248 248-111 248-248zm-448 0c0-110.5 89.5-200 200-200s200 89.5 200 200-89.5 200-200 200S56 366.5 56 256zm72 20v-40c0-6.6 5.4-12 12-12h116v-67c0-10.7 12.9-16 20.5-8.5l99 99c4.7 4.7 4.7 12.3 0 17l-99 99c-7.6 7.6-20.5 2.2-20.5-8.5v-67H140c-6.6 0-12-5.4-12-12z\"><\/path><\/svg>\t\t\t<\/span>\n\t\t\t\t\t\t\t\t\t<span class=\"elementor-button-text\">Free quote with no obligation<\/span>\n\t\t\t\t\t<\/span>\n\t\t\t\t\t<\/a>\n\t\t\t\t<\/div>\n\t\t\t\t\t\t\t\t<\/div>\n\t\t\t\t<\/div>\n\t\t\t\t\t<\/div>\n\t\t\t\t<\/div>\n\t\t\t\t<\/div>","protected":false},"excerpt":{"rendered":"<p>Clinique esth\u00e9tique Tunisie : meilleur s\u00e9jour m\u00e9dical en Tunisie Le clinique esth\u00e9tique Tunisie sp\u00e9cialis\u00e9 dans la chirurgie esth\u00e9tique Tunisie r\u00e9pondent toutes aux moindres exigences europ\u00e9ennes et internationales. Dot\u00e9es des \u00e9quipements les plus modernes et ayant une infrastructure ainsi qu\u2019un agencement haut de gamme, les polycliniques tunisiennes r\u00e9pondent \u00e0 tous les besoins de leurs patients. Toutefois, [&hellip;]<\/p>\n","protected":false},"author":1,"featured_media":10086,"parent":0,"menu_order":0,"comment_status":"closed","ping_status":"closed","template":"","meta":{"_uag_custom_page_level_css":"","site-sidebar-layout":"no-sidebar","site-content-layout":"plain-container","ast-site-content-layout":"default","site-content-style":"default","site-sidebar-style":"default","ast-global-header-display":"","ast-banner-title-visibility":"","ast-main-header-display":"","ast-hfb-above-header-display":"","ast-hfb-below-header-display":"","ast-hfb-mobile-header-display":"","site-post-title":"disabled","ast-breadcrumbs-content":"","ast-featured-img":"disabled","footer-sml-layout":"","theme-transparent-header-meta":"","adv-header-id-meta":"","stick-header-meta":"","header-above-stick-meta":"","header-main-stick-meta":"","header-below-stick-meta":"","astra-migrate-meta-layouts":"default","ast-page-background-enabled":"default","ast-page-background-meta":{"desktop":{"background-color":"","background-image":"","background-repeat":"repeat","background-position":"center center","background-size":"auto","background-attachment":"scroll","background-type":"","background-media":"","overlay-type":"","overlay-color":"","overlay-opacity":"","overlay-gradient":""},"tablet":{"background-color":"","background-image":"","background-repeat":"repeat","background-position":"center center","background-size":"auto","background-attachment":"scroll","background-type":"","background-media":"","overlay-type":"","overlay-color":"","overlay-opacity":"","overlay-gradient":""},"mobile":{"background-color":"","background-image":"","background-repeat":"repeat","background-position":"center center","background-size":"auto","background-attachment":"scroll","background-type":"","background-media":"","overlay-type":"","overlay-color":"","overlay-opacity":"","overlay-gradient":""}},"ast-content-background-meta":{"desktop":{"background-color":"var(--ast-global-color-5)","background-image":"","background-repeat":"repeat","background-position":"center center","background-size":"auto","background-attachment":"scroll","background-type":"","background-media":"","overlay-type":"","overlay-color":"","overlay-opacity":"","overlay-gradient":""},"tablet":{"background-color":"var(--ast-global-color-5)","background-image":"","background-repeat":"repeat","background-position":"center center","background-size":"auto","background-attachment":"scroll","background-type":"","background-media":"","overlay-type":"","overlay-color":"","overlay-opacity":"","overlay-gradient":""},"mobile":{"background-color":"var(--ast-global-color-5)","background-image":"","background-repeat":"repeat","background-position":"center center","background-size":"auto","background-attachment":"scroll","background-type":"","background-media":"","overlay-type":"","overlay-color":"","overlay-opacity":"","overlay-gradient":""}},"footnotes":""},"class_list":["post-10047","page","type-page","status-publish","has-post-thumbnail","hentry"],"yoast_head":"<!-- This site is optimized with the Yoast SEO plugin v25.3.1 - https:\/\/yoast.com\/wordpress\/plugins\/seo\/ -->\n<title>Clinique esth\u00e9tique Tunisie prestigieuse \u00e0 prix r\u00e9duit-Medlart<\/title>\n<meta name=\"description\" content=\"Clinique esth\u00e9tique Tunisie Medlart vous propose un s\u00e9jour m\u00e9dical de luxe au sein de la meilleure clinique en Tunisie - tarifs abordables\" \/>\n<meta name=\"robots\" content=\"index, follow, max-snippet:-1, max-image-preview:large, max-video-preview:-1\" \/>\n<link rel=\"canonical\" href=\"https:\/\/medlart.ca\/en\/cliniques\/\" \/>\n<meta property=\"og:locale\" content=\"en_US\" \/>\n<meta property=\"og:type\" content=\"article\" \/>\n<meta property=\"og:title\" content=\"Clinique esth\u00e9tique Tunisie prestigieuse \u00e0 prix r\u00e9duit-Medlart\" \/>\n<meta property=\"og:description\" content=\"Clinique esth\u00e9tique Tunisie Medlart vous propose un s\u00e9jour m\u00e9dical de luxe au sein de la meilleure clinique en Tunisie - tarifs abordables\" \/>\n<meta property=\"og:url\" content=\"https:\/\/medlart.ca\/en\/cliniques\/\" \/>\n<meta property=\"article:modified_time\" content=\"2025-01-30T10:09:40+00:00\" \/>\n<meta property=\"og:image\" content=\"https:\/\/medlart.ca\/wp-content\/uploads\/2022\/07\/patient-satisfait_01.png\" \/>\n\t<meta property=\"og:image:width\" content=\"1024\" \/>\n\t<meta property=\"og:image:height\" content=\"683\" \/>\n\t<meta property=\"og:image:type\" content=\"image\/png\" \/>\n<meta name=\"twitter:card\" content=\"summary_large_image\" \/>\n<meta name=\"twitter:label1\" content=\"Est. reading time\" \/>\n\t<meta name=\"twitter:data1\" content=\"4 minutes\" \/>\n<script type=\"application\/ld+json\" class=\"yoast-schema-graph\">{\"@context\":\"https:\/\/schema.org\",\"@graph\":[{\"@type\":\"WebPage\",\"@id\":\"https:\/\/medlart.ca\/cliniques\/\",\"url\":\"https:\/\/medlart.ca\/cliniques\/\",\"name\":\"Clinique esth\u00e9tique Tunisie prestigieuse \u00e0 prix r\u00e9duit-Medlart\",\"isPartOf\":{\"@id\":\"https:\/\/medlart.ca\/#website\"},\"primaryImageOfPage\":{\"@id\":\"https:\/\/medlart.ca\/cliniques\/#primaryimage\"},\"image\":{\"@id\":\"https:\/\/medlart.ca\/cliniques\/#primaryimage\"},\"thumbnailUrl\":\"https:\/\/i0.wp.com\/medlart.ca\/wp-content\/uploads\/2022\/07\/patient-satisfait_01.png?fit=1024%2C683&ssl=1\",\"datePublished\":\"2022-07-12T18:23:35+00:00\",\"dateModified\":\"2025-01-30T10:09:40+00:00\",\"description\":\"Clinique esth\u00e9tique Tunisie Medlart vous propose un s\u00e9jour m\u00e9dical de luxe au sein de la meilleure clinique en Tunisie - tarifs abordables\",\"breadcrumb\":{\"@id\":\"https:\/\/medlart.ca\/cliniques\/#breadcrumb\"},\"inLanguage\":\"en-US\",\"potentialAction\":[{\"@type\":\"ReadAction\",\"target\":[\"https:\/\/medlart.ca\/cliniques\/\"]}]},{\"@type\":\"ImageObject\",\"inLanguage\":\"en-US\",\"@id\":\"https:\/\/medlart.ca\/cliniques\/#primaryimage\",\"url\":\"https:\/\/i0.wp.com\/medlart.ca\/wp-content\/uploads\/2022\/07\/patient-satisfait_01.png?fit=1024%2C683&ssl=1\",\"contentUrl\":\"https:\/\/i0.wp.com\/medlart.ca\/wp-content\/uploads\/2022\/07\/patient-satisfait_01.png?fit=1024%2C683&ssl=1\",\"width\":1024,\"height\":683,\"caption\":\"Clinique esth\u00e9tique Tunisie\"},{\"@type\":\"BreadcrumbList\",\"@id\":\"https:\/\/medlart.ca\/cliniques\/#breadcrumb\",\"itemListElement\":[{\"@type\":\"ListItem\",\"position\":1,\"name\":\"Accueil\",\"item\":\"https:\/\/medlart.ca\/\"},{\"@type\":\"ListItem\",\"position\":2,\"name\":\"Clinique esth\u00e9tique Tunisie\u00a0: Medlart votre partenaire de choix\"}]},{\"@type\":\"WebSite\",\"@id\":\"https:\/\/medlart.ca\/#website\",\"url\":\"https:\/\/medlart.ca\/\",\"name\":\"\",\"description\":\"Medlart Canada\",\"potentialAction\":[{\"@type\":\"SearchAction\",\"target\":{\"@type\":\"EntryPoint\",\"urlTemplate\":\"https:\/\/medlart.ca\/?s={search_term_string}\"},\"query-input\":{\"@type\":\"PropertyValueSpecification\",\"valueRequired\":true,\"valueName\":\"search_term_string\"}}],\"inLanguage\":\"en-US\"}]}<\/script>\n<!-- \/ Yoast SEO plugin. -->","yoast_head_json":{"title":"Clinique esth\u00e9tique Tunisie prestigieuse \u00e0 prix r\u00e9duit-Medlart","description":"Clinique esth\u00e9tique Tunisie Medlart vous propose un s\u00e9jour m\u00e9dical de luxe au sein de la meilleure clinique en Tunisie - tarifs abordables","robots":{"index":"index","follow":"follow","max-snippet":"max-snippet:-1","max-image-preview":"max-image-preview:large","max-video-preview":"max-video-preview:-1"},"canonical":"https:\/\/medlart.ca\/en\/cliniques\/","og_locale":"en_US","og_type":"article","og_title":"Clinique esth\u00e9tique Tunisie prestigieuse \u00e0 prix r\u00e9duit-Medlart","og_description":"Clinique esth\u00e9tique Tunisie Medlart vous propose un s\u00e9jour m\u00e9dical de luxe au sein de la meilleure clinique en Tunisie - tarifs abordables","og_url":"https:\/\/medlart.ca\/en\/cliniques\/","article_modified_time":"2025-01-30T10:09:40+00:00","og_image":[{"width":1024,"height":683,"url":"https:\/\/medlart.ca\/wp-content\/uploads\/2022\/07\/patient-satisfait_01.png","type":"image\/png"}],"twitter_card":"summary_large_image","twitter_misc":{"Est. reading time":"4 minutes"},"schema":{"@context":"https:\/\/schema.org","@graph":[{"@type":"WebPage","@id":"https:\/\/medlart.ca\/cliniques\/","url":"https:\/\/medlart.ca\/cliniques\/","name":"Clinique esth\u00e9tique Tunisie prestigieuse \u00e0 prix r\u00e9duit-Medlart","isPartOf":{"@id":"https:\/\/medlart.ca\/#website"},"primaryImageOfPage":{"@id":"https:\/\/medlart.ca\/cliniques\/#primaryimage"},"image":{"@id":"https:\/\/medlart.ca\/cliniques\/#primaryimage"},"thumbnailUrl":"https:\/\/i0.wp.com\/medlart.ca\/wp-content\/uploads\/2022\/07\/patient-satisfait_01.png?fit=1024%2C683&ssl=1","datePublished":"2022-07-12T18:23:35+00:00","dateModified":"2025-01-30T10:09:40+00:00","description":"Clinique esth\u00e9tique Tunisie Medlart vous propose un s\u00e9jour m\u00e9dical de luxe au sein de la meilleure clinique en Tunisie - tarifs abordables","breadcrumb":{"@id":"https:\/\/medlart.ca\/cliniques\/#breadcrumb"},"inLanguage":"en-US","potentialAction":[{"@type":"ReadAction","target":["https:\/\/medlart.ca\/cliniques\/"]}]},{"@type":"ImageObject","inLanguage":"en-US","@id":"https:\/\/medlart.ca\/cliniques\/#primaryimage","url":"https:\/\/i0.wp.com\/medlart.ca\/wp-content\/uploads\/2022\/07\/patient-satisfait_01.png?fit=1024%2C683&ssl=1","contentUrl":"https:\/\/i0.wp.com\/medlart.ca\/wp-content\/uploads\/2022\/07\/patient-satisfait_01.png?fit=1024%2C683&ssl=1","width":1024,"height":683,"caption":"Clinique esth\u00e9tique Tunisie"},{"@type":"BreadcrumbList","@id":"https:\/\/medlart.ca\/cliniques\/#breadcrumb","itemListElement":[{"@type":"ListItem","position":1,"name":"Accueil","item":"https:\/\/medlart.ca\/"},{"@type":"ListItem","position":2,"name":"Clinique esth\u00e9tique Tunisie\u00a0: Medlart votre partenaire de choix"}]},{"@type":"WebSite","@id":"https:\/\/medlart.ca\/#website","url":"https:\/\/medlart.ca\/","name":"","description":"Medlart Canada","potentialAction":[{"@type":"SearchAction","target":{"@type":"EntryPoint","urlTemplate":"https:\/\/medlart.ca\/?s={search_term_string}"},"query-input":{"@type":"PropertyValueSpecification","valueRequired":true,"valueName":"search_term_string"}}],"inLanguage":"en-US"}]}},"uagb_featured_image_src":{"full":["https:\/\/i0.wp.com\/medlart.ca\/wp-content\/uploads\/2022\/07\/patient-satisfait_01.png?fit=1024%2C683&ssl=1",1024,683,false],"thumbnail":["https:\/\/i0.wp.com\/medlart.ca\/wp-content\/uploads\/2022\/07\/patient-satisfait_01.png?resize=150%2C150&ssl=1",150,150,true],"medium":["https:\/\/i0.wp.com\/medlart.ca\/wp-content\/uploads\/2022\/07\/patient-satisfait_01.png?fit=300%2C200&ssl=1",300,200,true],"medium_large":["https:\/\/i0.wp.com\/medlart.ca\/wp-content\/uploads\/2022\/07\/patient-satisfait_01.png?fit=768%2C512&ssl=1",768,512,true],"large":["https:\/\/i0.wp.com\/medlart.ca\/wp-content\/uploads\/2022\/07\/patient-satisfait_01.png?fit=1024%2C683&ssl=1",1024,683,true],"1536x1536":["https:\/\/i0.wp.com\/medlart.ca\/wp-content\/uploads\/2022\/07\/patient-satisfait_01.png?fit=1024%2C683&ssl=1",1024,683,true],"2048x2048":["https:\/\/i0.wp.com\/medlart.ca\/wp-content\/uploads\/2022\/07\/patient-satisfait_01.png?fit=1024%2C683&ssl=1",1024,683,true],"trp-custom-language-flag":["https:\/\/i0.wp.com\/medlart.ca\/wp-content\/uploads\/2022\/07\/patient-satisfait_01.png?fit=18%2C12&ssl=1",18,12,true]},"uagb_author_info":{"display_name":"admin","author_link":"https:\/\/medlart.ca\/en\/author\/medlarttunisie_5cw9ij9b\/"},"uagb_comment_info":0,"uagb_excerpt":"Clinique esth\u00e9tique Tunisie : meilleur s\u00e9jour m\u00e9dical en Tunisie Le clinique esth\u00e9tique Tunisie sp\u00e9cialis\u00e9 dans la chirurgie esth\u00e9tique Tunisie r\u00e9pondent toutes aux moindres exigences europ\u00e9ennes et internationales. Dot\u00e9es des \u00e9quipements les plus modernes et ayant une infrastructure ainsi qu\u2019un agencement haut de gamme, les polycliniques tunisiennes r\u00e9pondent \u00e0 tous les besoins de leurs patients. Toutefois,&hellip;","jetpack-related-posts":[],"jetpack_sharing_enabled":true,"_links":{"self":[{"href":"https:\/\/medlart.ca\/en\/wp-json\/wp\/v2\/pages\/10047","targetHints":{"allow":["GET"]}}],"collection":[{"href":"https:\/\/medlart.ca\/en\/wp-json\/wp\/v2\/pages"}],"about":[{"href":"https:\/\/medlart.ca\/en\/wp-json\/wp\/v2\/types\/page"}],"author":[{"embeddable":true,"href":"https:\/\/medlart.ca\/en\/wp-json\/wp\/v2\/users\/1"}],"replies":[{"embeddable":true,"href":"https:\/\/medlart.ca\/en\/wp-json\/wp\/v2\/comments?post=10047"}],"version-history":[{"count":6,"href":"https:\/\/medlart.ca\/en\/wp-json\/wp\/v2\/pages\/10047\/revisions"}],"predecessor-version":[{"id":25119,"href":"https:\/\/medlart.ca\/en\/wp-json\/wp\/v2\/pages\/10047\/revisions\/25119"}],"wp:featuredmedia":[{"embeddable":true,"href":"https:\/\/medlart.ca\/en\/wp-json\/wp\/v2\/media\/10086"}],"wp:attachment":[{"href":"https:\/\/medlart.ca\/en\/wp-json\/wp\/v2\/media?parent=10047"}],"curies":[{"name":"wp","href":"https:\/\/api.w.org\/{rel}","templated":true}]}}